{"id":74,"date":"2025-03-28T14:38:49","date_gmt":"2025-03-28T11:38:49","guid":{"rendered":"https:\/\/secyapi.com\/?page_id=74"},"modified":"2025-03-28T15:14:51","modified_gmt":"2025-03-28T12:14:51","slug":"projeler","status":"publish","type":"page","link":"https:\/\/secyapi.com\/index.php\/projeler\/","title":{"rendered":"Projeler"},"content":{"rendered":"\t\t<div data-elementor-type=\"wp-page\" data-elementor-id=\"74\" class=\"elementor elementor-74\">\n\t\t\t\t<div class=\"elementor-element elementor-element-9f5ed61 e-con-full e-flex e-con e-parent\" data-id=\"9f5ed61\" data-element_type=\"container\">\n\t\t<div class=\"elementor-element elementor-element-1bef8db e-con-full e-flex e-con e-child\" data-id=\"1bef8db\" data-element_type=\"container\">\n\t\t\t\t<div class=\"elementor-element elementor-element-bd08291 elementor-arrows-position-inside elementor-pagination-position-outside elementor-widget elementor-widget-image-carousel\" data-id=\"bd08291\" data-element_type=\"widget\" data-settings=\"{&quot;slides_to_show&quot;:&quot;1&quot;,&quot;navigation&quot;:&quot;both&quot;,&quot;autoplay&quot;:&quot;yes&quot;,&quot;pause_on_hover&quot;:&quot;yes&quot;,&quot;pause_on_interaction&quot;:&quot;yes&quot;,&quot;autoplay_speed&quot;:5000,&quot;infinite&quot;:&quot;yes&quot;,&quot;effect&quot;:&quot;slide&quot;,&quot;speed&quot;:500}\" data-widget_type=\"image-carousel.default\">\n\t\t\t\t<div class=\"elementor-widget-container\">\n\t\t\t\t\t\t\t<div class=\"elementor-image-carousel-wrapper swiper\" role=\"region\" aria-roledescription=\"carousel\" aria-label=\"Resim D\u00f6ng\u00fcs\u00fc\" dir=\"ltr\">\n\t\t\t<div class=\"elementor-image-carousel swiper-wrapper swiper-image-stretch\" aria-live=\"off\">\n\t\t\t\t\t\t\t\t<div class=\"swiper-slide\" role=\"group\" aria-roledescription=\"slide\" aria-label=\"1 \/ 3\"><figure class=\"swiper-slide-inner\"><img decoding=\"async\" class=\"swiper-slide-image\" src=\"https:\/\/secyapi.com\/wp-content\/uploads\/2025\/03\/Ekran-Resmi-2025-03-28-14.46.25-768x508.png\" alt=\"Ekran Resmi 2025-03-28 14.46.25\" \/><\/figure><\/div><div class=\"swiper-slide\" role=\"group\" aria-roledescription=\"slide\" aria-label=\"2 \/ 3\"><figure class=\"swiper-slide-inner\"><img decoding=\"async\" class=\"swiper-slide-image\" src=\"https:\/\/secyapi.com\/wp-content\/uploads\/2025\/03\/Ekran-Resmi-2025-03-28-14.46.20-768x512.png\" alt=\"Ekran Resmi 2025-03-28 14.46.20\" \/><\/figure><\/div><div class=\"swiper-slide\" role=\"group\" aria-roledescription=\"slide\" aria-label=\"3 \/ 3\"><figure class=\"swiper-slide-inner\"><img decoding=\"async\" class=\"swiper-slide-image\" src=\"https:\/\/secyapi.com\/wp-content\/uploads\/2025\/03\/Ekran-Resmi-2025-03-28-14.46.14-768x511.png\" alt=\"Ekran Resmi 2025-03-28 14.46.14\" \/><\/figure><\/div>\t\t\t<\/div>\n\t\t\t\t\t\t\t\t\t\t\t\t<div class=\"elementor-swiper-button elementor-swiper-button-prev\" role=\"button\" tabindex=\"0\">\n\t\t\t\t\t\t<svg aria-hidden=\"true\" class=\"e-font-icon-svg e-eicon-chevron-left\" viewBox=\"0 0 1000 1000\" xmlns=\"http:\/\/www.w3.org\/2000\/svg\"><path d=\"M646 125C629 125 613 133 604 142L308 442C296 454 292 471 292 487 292 504 296 521 308 533L604 854C617 867 629 875 646 875 663 875 679 871 692 858 704 846 713 829 713 812 713 796 708 779 692 767L438 487 692 225C700 217 708 204 708 187 708 171 704 154 692 142 675 129 663 125 646 125Z\"><\/path><\/svg>\t\t\t\t\t<\/div>\n\t\t\t\t\t<div class=\"elementor-swiper-button elementor-swiper-button-next\" role=\"button\" tabindex=\"0\">\n\t\t\t\t\t\t<svg aria-hidden=\"true\" class=\"e-font-icon-svg e-eicon-chevron-right\" viewBox=\"0 0 1000 1000\" xmlns=\"http:\/\/www.w3.org\/2000\/svg\"><path d=\"M696 533C708 521 713 504 713 487 713 471 708 454 696 446L400 146C388 133 375 125 354 125 338 125 325 129 313 142 300 154 292 171 292 187 292 204 296 221 308 233L563 492 304 771C292 783 288 800 288 817 288 833 296 850 308 863 321 871 338 875 354 875 371 875 388 867 400 854L696 533Z\"><\/path><\/svg>\t\t\t\t\t<\/div>\n\t\t\t\t\n\t\t\t\t\t\t\t\t\t<div class=\"swiper-pagination\"><\/div>\n\t\t\t\t\t\t\t\t\t<\/div>\n\t\t\t\t\t\t<\/div>\n\t\t\t\t<\/div>\n\t\t\t\t<\/div>\n\t\t<div class=\"elementor-element elementor-element-f011b75 e-con-full e-flex e-con e-child\" data-id=\"f011b75\" data-element_type=\"container\">\n\t\t\t\t<div class=\"elementor-element elementor-element-deb255d elementor-widget elementor-widget-heading\" data-id=\"deb255d\" data-element_type=\"widget\" data-widget_type=\"heading.default\">\n\t\t\t\t<div class=\"elementor-widget-container\">\n\t\t\t\t\t<h2 class=\"elementor-heading-title elementor-size-default\">Dekorasyon, Mantolama ve Mimari Uygulamalar\n\n<\/h2>\t\t\t\t<\/div>\n\t\t\t\t<\/div>\n\t\t\t\t<div class=\"elementor-element elementor-element-bcee092 elementor-widget elementor-widget-heading\" data-id=\"bcee092\" data-element_type=\"widget\" data-widget_type=\"heading.default\">\n\t\t\t\t<div class=\"elementor-widget-container\">\n\t\t\t\t\t<h2 class=\"elementor-heading-title elementor-size-default\">Mplus Cafe & Restaurant<\/h2>\t\t\t\t<\/div>\n\t\t\t\t<\/div>\n\t\t\t\t<div class=\"elementor-element elementor-element-0a35a0d elementor-widget-divider--view-line elementor-widget elementor-widget-divider\" data-id=\"0a35a0d\" data-element_type=\"widget\" data-widget_type=\"divider.default\">\n\t\t\t\t<div class=\"elementor-widget-container\">\n\t\t\t\t\t\t\t<div class=\"elementor-divider\">\n\t\t\t<span class=\"elementor-divider-separator\">\n\t\t\t\t\t\t<\/span>\n\t\t<\/div>\n\t\t\t\t\t\t<\/div>\n\t\t\t\t<\/div>\n\t\t\t\t<div class=\"elementor-element elementor-element-624c11a elementor-widget elementor-widget-text-editor\" data-id=\"624c11a\" data-element_type=\"widget\" data-widget_type=\"text-editor.default\">\n\t\t\t\t<div class=\"elementor-widget-container\">\n\t\t\t\t\t\t\t\t\t<p>Se\u00e7 Yap\u0131 \u0130n\u015faat ikamet ama\u00e7l\u0131 binalar\u0131n in\u015faat\u0131, dekorasyon, i\u00e7 ve d\u0131\u015f mimari alt yap\u0131 ve \u00fcst yap\u0131 taahh\u00fctleri yapmak \u00fczere t\u00fcm resmi ve \u00f6zel kurumlara hizmet verebilmek amac\u0131yla kurulmu\u015ftur. \u00d6zverili ve deneyimli kadrosu ile kuruldu\u011fu g\u00fcnden itibaren konut, i\u015f merkezi, ofis ve al\u0131\u015fveri\u015f merkezi projeleri tasarlay\u0131p hayata ge\u00e7irmekte, kullan\u0131c\u0131lara modern mimari ile kaliteli mek\u00e2nlar olu\u015fturmakta ve \u015fehirlerin d\u00f6n\u00fc\u015fmesine \u00f6nemli bir katk\u0131 sa\u011flamaktad\u0131r. Hayata ge\u00e7irdi\u011fi t\u00fcm projelerde nitelikli ya\u015fam alanlar\u0131 ve geli\u015fmi\u015f sosyal olanaklar sunmay\u0131 hedefleyen Se\u00e7 Yap\u0131 \u0130n\u015faat, \u00a0ge\u00e7mi\u015ften gelen uzmanl\u0131\u011f\u0131n\u0131 gelece\u011fe ta\u015f\u0131maya devam etmektedir. \u00a0Bu hedeflerini ger\u00e7ekle\u015ftirirken, d\u00fc\u015f\u00fcnce ile uygulama aras\u0131nda bir yarg\u0131 k\u00f6pr\u00fcs\u00fc olan estetik tutumu hi\u00e7bir zaman g\u00f6z ard\u0131 etmez. Teknik \u00f6l\u00e7\u00fclerin yan\u0131 s\u0131ra mesleki ve insani de\u011ferleri de hesaba katar.<\/p>\t\t\t\t\t\t\t\t<\/div>\n\t\t\t\t<\/div>\n\t\t\t\t<\/div>\n\t\t\t\t<\/div>\n\t\t<div class=\"elementor-element elementor-element-5c5d333 e-con-full e-flex e-con e-parent\" data-id=\"5c5d333\" data-element_type=\"container\" data-settings=\"{&quot;background_background&quot;:&quot;classic&quot;}\">\n\t\t<div class=\"elementor-element elementor-element-be10b69 e-con-full e-flex e-con e-child\" data-id=\"be10b69\" data-element_type=\"container\">\n\t\t\t\t<div class=\"elementor-element elementor-element-ea92972 elementor-widget elementor-widget-image\" data-id=\"ea92972\" data-element_type=\"widget\" data-widget_type=\"image.default\">\n\t\t\t\t<div class=\"elementor-widget-container\">\n\t\t\t\t\t\t\t\t\t\t\t\t\t\t\t<img fetchpriority=\"high\" decoding=\"async\" width=\"1202\" height=\"803\" src=\"https:\/\/secyapi.com\/wp-content\/uploads\/2025\/03\/Ekran-Resmi-2025-03-28-14.50.00.png\" class=\"attachment-full size-full wp-image-95\" alt=\"\" srcset=\"https:\/\/secyapi.com\/wp-content\/uploads\/2025\/03\/Ekran-Resmi-2025-03-28-14.50.00.png 1202w, https:\/\/secyapi.com\/wp-content\/uploads\/2025\/03\/Ekran-Resmi-2025-03-28-14.50.00-300x200.png 300w, https:\/\/secyapi.com\/wp-content\/uploads\/2025\/03\/Ekran-Resmi-2025-03-28-14.50.00-1024x684.png 1024w, https:\/\/secyapi.com\/wp-content\/uploads\/2025\/03\/Ekran-Resmi-2025-03-28-14.50.00-768x513.png 768w\" sizes=\"(max-width: 1202px) 100vw, 1202px\" \/>\t\t\t\t\t\t\t\t\t\t\t\t\t\t\t<\/div>\n\t\t\t\t<\/div>\n\t\t\t\t<\/div>\n\t\t<div class=\"elementor-element elementor-element-ae66fe4 e-con-full e-flex e-con e-child\" data-id=\"ae66fe4\" data-element_type=\"container\">\n\t\t\t\t<div class=\"elementor-element elementor-element-45d3170 elementor-widget elementor-widget-heading\" data-id=\"45d3170\" data-element_type=\"widget\" data-widget_type=\"heading.default\">\n\t\t\t\t<div class=\"elementor-widget-container\">\n\t\t\t\t\t<h2 class=\"elementor-heading-title elementor-size-default\">D\u0131\u015f Mantolama\n\n<\/h2>\t\t\t\t<\/div>\n\t\t\t\t<\/div>\n\t\t\t\t<div class=\"elementor-element elementor-element-bb822ca elementor-widget elementor-widget-heading\" data-id=\"bb822ca\" data-element_type=\"widget\" data-widget_type=\"heading.default\">\n\t\t\t\t<div class=\"elementor-widget-container\">\n\t\t\t\t\t<h2 class=\"elementor-heading-title elementor-size-default\">Yasin Group\n\n<\/h2>\t\t\t\t<\/div>\n\t\t\t\t<\/div>\n\t\t\t\t<div class=\"elementor-element elementor-element-6d256b2 elementor-widget-divider--view-line elementor-widget elementor-widget-divider\" data-id=\"6d256b2\" data-element_type=\"widget\" data-widget_type=\"divider.default\">\n\t\t\t\t<div class=\"elementor-widget-container\">\n\t\t\t\t\t\t\t<div class=\"elementor-divider\">\n\t\t\t<span class=\"elementor-divider-separator\">\n\t\t\t\t\t\t<\/span>\n\t\t<\/div>\n\t\t\t\t\t\t<\/div>\n\t\t\t\t<\/div>\n\t\t\t\t<div class=\"elementor-element elementor-element-1f5a2d9 elementor-widget elementor-widget-text-editor\" data-id=\"1f5a2d9\" data-element_type=\"widget\" data-widget_type=\"text-editor.default\">\n\t\t\t\t<div class=\"elementor-widget-container\">\n\t\t\t\t\t\t\t\t\t\u00a0\n\nD\u0131\u015f cephe kaplama i\u015flemleri k\u00fcf, rutubet, nem gibi sorunlar\u0131n ve i\u00e7 k\u0131s\u0131mlarda kabarmalar\u0131n oldu\u011fu yerlerde de yap\u0131lmaktad\u0131r.\n\nBinalarda \u00e7atlaklar\u0131n olu\u015ftu\u011fu, dayan\u0131mlar\u0131n\u0131 yitirdi\u011fi yerlerde de yap\u0131lmaktad\u0131r.\nT\u00fcm bunlar\u0131n yan\u0131nda Is\u0131 ve ses yal\u0131t\u0131m\u0131n\u0131n ihtiya\u00e7 duyuldu\u011fu konut, toplu konut, kamu ve idari binalar dahil olmak \u00fczere her t\u00fcrl\u00fc yap\u0131larda\u00a0d\u0131\u015f cephe kaplama\u00a0uygulamas\u0131 yap\u0131lmaktad\u0131r.\t\t\t\t\t\t\t\t<\/div>\n\t\t\t\t<\/div>\n\t\t\t\t<\/div>\n\t\t\t\t<\/div>\n\t\t<div class=\"elementor-element elementor-element-32cc6a6 e-con-full e-flex e-con e-parent\" data-id=\"32cc6a6\" data-element_type=\"container\">\n\t\t<div class=\"elementor-element elementor-element-f546248 e-con-full e-flex e-con e-child\" data-id=\"f546248\" data-element_type=\"container\">\n\t\t\t\t<div class=\"elementor-element elementor-element-91b9e7c elementor-arrows-position-inside elementor-pagination-position-outside elementor-widget elementor-widget-image-carousel\" data-id=\"91b9e7c\" data-element_type=\"widget\" data-settings=\"{&quot;slides_to_show&quot;:&quot;1&quot;,&quot;navigation&quot;:&quot;both&quot;,&quot;autoplay&quot;:&quot;yes&quot;,&quot;pause_on_hover&quot;:&quot;yes&quot;,&quot;pause_on_interaction&quot;:&quot;yes&quot;,&quot;autoplay_speed&quot;:5000,&quot;infinite&quot;:&quot;yes&quot;,&quot;effect&quot;:&quot;slide&quot;,&quot;speed&quot;:500}\" data-widget_type=\"image-carousel.default\">\n\t\t\t\t<div class=\"elementor-widget-container\">\n\t\t\t\t\t\t\t<div class=\"elementor-image-carousel-wrapper swiper\" role=\"region\" aria-roledescription=\"carousel\" aria-label=\"Resim D\u00f6ng\u00fcs\u00fc\" dir=\"ltr\">\n\t\t\t<div class=\"elementor-image-carousel swiper-wrapper swiper-image-stretch\" aria-live=\"off\">\n\t\t\t\t\t\t\t\t<div class=\"swiper-slide\" role=\"group\" aria-roledescription=\"slide\" aria-label=\"1 \/ 3\"><figure class=\"swiper-slide-inner\"><img decoding=\"async\" class=\"swiper-slide-image\" src=\"https:\/\/secyapi.com\/wp-content\/uploads\/2025\/03\/Ekran-Resmi-2025-03-28-14.52.31-768x510.png\" alt=\"Ekran Resmi 2025-03-28 14.52.31\" \/><\/figure><\/div><div class=\"swiper-slide\" role=\"group\" aria-roledescription=\"slide\" aria-label=\"2 \/ 3\"><figure class=\"swiper-slide-inner\"><img decoding=\"async\" class=\"swiper-slide-image\" src=\"https:\/\/secyapi.com\/wp-content\/uploads\/2025\/03\/Ekran-Resmi-2025-03-28-14.52.37-768x507.png\" alt=\"Ekran Resmi 2025-03-28 14.52.37\" \/><\/figure><\/div><div class=\"swiper-slide\" role=\"group\" aria-roledescription=\"slide\" aria-label=\"3 \/ 3\"><figure class=\"swiper-slide-inner\"><img decoding=\"async\" class=\"swiper-slide-image\" src=\"https:\/\/secyapi.com\/wp-content\/uploads\/2025\/03\/Ekran-Resmi-2025-03-28-14.52.54-768x511.png\" alt=\"Ekran Resmi 2025-03-28 14.52.54\" \/><\/figure><\/div>\t\t\t<\/div>\n\t\t\t\t\t\t\t\t\t\t\t\t<div class=\"elementor-swiper-button elementor-swiper-button-prev\" role=\"button\" tabindex=\"0\">\n\t\t\t\t\t\t<svg aria-hidden=\"true\" class=\"e-font-icon-svg e-eicon-chevron-left\" viewBox=\"0 0 1000 1000\" xmlns=\"http:\/\/www.w3.org\/2000\/svg\"><path d=\"M646 125C629 125 613 133 604 142L308 442C296 454 292 471 292 487 292 504 296 521 308 533L604 854C617 867 629 875 646 875 663 875 679 871 692 858 704 846 713 829 713 812 713 796 708 779 692 767L438 487 692 225C700 217 708 204 708 187 708 171 704 154 692 142 675 129 663 125 646 125Z\"><\/path><\/svg>\t\t\t\t\t<\/div>\n\t\t\t\t\t<div class=\"elementor-swiper-button elementor-swiper-button-next\" role=\"button\" tabindex=\"0\">\n\t\t\t\t\t\t<svg aria-hidden=\"true\" class=\"e-font-icon-svg e-eicon-chevron-right\" viewBox=\"0 0 1000 1000\" xmlns=\"http:\/\/www.w3.org\/2000\/svg\"><path d=\"M696 533C708 521 713 504 713 487 713 471 708 454 696 446L400 146C388 133 375 125 354 125 338 125 325 129 313 142 300 154 292 171 292 187 292 204 296 221 308 233L563 492 304 771C292 783 288 800 288 817 288 833 296 850 308 863 321 871 338 875 354 875 371 875 388 867 400 854L696 533Z\"><\/path><\/svg>\t\t\t\t\t<\/div>\n\t\t\t\t\n\t\t\t\t\t\t\t\t\t<div class=\"swiper-pagination\"><\/div>\n\t\t\t\t\t\t\t\t\t<\/div>\n\t\t\t\t\t\t<\/div>\n\t\t\t\t<\/div>\n\t\t\t\t<\/div>\n\t\t<div class=\"elementor-element elementor-element-fc769e9 e-con-full e-flex e-con e-child\" data-id=\"fc769e9\" data-element_type=\"container\">\n\t\t\t\t<div class=\"elementor-element elementor-element-26f7d6e elementor-widget elementor-widget-heading\" data-id=\"26f7d6e\" data-element_type=\"widget\" data-widget_type=\"heading.default\">\n\t\t\t\t<div class=\"elementor-widget-container\">\n\t\t\t\t\t<h2 class=\"elementor-heading-title elementor-size-default\">Dekorasyon, Mantolama ve Mimari Uygulamalar\n\n<\/h2>\t\t\t\t<\/div>\n\t\t\t\t<\/div>\n\t\t\t\t<div class=\"elementor-element elementor-element-1d639b8 elementor-widget elementor-widget-heading\" data-id=\"1d639b8\" data-element_type=\"widget\" data-widget_type=\"heading.default\">\n\t\t\t\t<div class=\"elementor-widget-container\">\n\t\t\t\t\t<h2 class=\"elementor-heading-title elementor-size-default\">The Pulman\n\n<\/h2>\t\t\t\t<\/div>\n\t\t\t\t<\/div>\n\t\t\t\t<div class=\"elementor-element elementor-element-9d7ba14 elementor-widget-divider--view-line elementor-widget elementor-widget-divider\" data-id=\"9d7ba14\" data-element_type=\"widget\" data-widget_type=\"divider.default\">\n\t\t\t\t<div class=\"elementor-widget-container\">\n\t\t\t\t\t\t\t<div class=\"elementor-divider\">\n\t\t\t<span class=\"elementor-divider-separator\">\n\t\t\t\t\t\t<\/span>\n\t\t<\/div>\n\t\t\t\t\t\t<\/div>\n\t\t\t\t<\/div>\n\t\t\t\t<div class=\"elementor-element elementor-element-6070bbc elementor-widget elementor-widget-text-editor\" data-id=\"6070bbc\" data-element_type=\"widget\" data-widget_type=\"text-editor.default\">\n\t\t\t\t<div class=\"elementor-widget-container\">\n\t\t\t\t\t\t\t\t\t<p>Se\u00e7 Yap\u0131 \u0130n\u015faat Dekorasyon olarak, bilgi birikimi y\u00fcksek, donan\u0131ml\u0131 ve dinamik ekibiyle nitelikli projelere imza atm\u0131\u015ft\u0131r. \u0130nsan odakl\u0131 tasar\u0131m ve uygulama prensibiyle sorumluluklar\u0131n\u0131 titizlikle ve zaman\u0131nda yerine getiren firmam\u0131z, s\u00fcrekli geli\u015fim ve yenilik i\u00e7erisindedir.<\/p>\t\t\t\t\t\t\t\t<\/div>\n\t\t\t\t<\/div>\n\t\t\t\t<\/div>\n\t\t\t\t<\/div>\n\t\t<div class=\"elementor-element elementor-element-a146851 e-con-full e-flex e-con e-parent\" data-id=\"a146851\" data-element_type=\"container\" data-settings=\"{&quot;background_background&quot;:&quot;classic&quot;}\">\n\t\t<div class=\"elementor-element elementor-element-4c149c8 e-con-full e-flex e-con e-child\" data-id=\"4c149c8\" data-element_type=\"container\">\n\t\t\t\t<div class=\"elementor-element elementor-element-d866d35 elementor-arrows-position-inside elementor-pagination-position-outside elementor-widget elementor-widget-image-carousel\" data-id=\"d866d35\" data-element_type=\"widget\" data-settings=\"{&quot;slides_to_show&quot;:&quot;1&quot;,&quot;navigation&quot;:&quot;both&quot;,&quot;autoplay&quot;:&quot;yes&quot;,&quot;pause_on_hover&quot;:&quot;yes&quot;,&quot;pause_on_interaction&quot;:&quot;yes&quot;,&quot;autoplay_speed&quot;:5000,&quot;infinite&quot;:&quot;yes&quot;,&quot;effect&quot;:&quot;slide&quot;,&quot;speed&quot;:500}\" data-widget_type=\"image-carousel.default\">\n\t\t\t\t<div class=\"elementor-widget-container\">\n\t\t\t\t\t\t\t<div class=\"elementor-image-carousel-wrapper swiper\" role=\"region\" aria-roledescription=\"carousel\" aria-label=\"Resim D\u00f6ng\u00fcs\u00fc\" dir=\"ltr\">\n\t\t\t<div class=\"elementor-image-carousel swiper-wrapper swiper-image-stretch\" aria-live=\"off\">\n\t\t\t\t\t\t\t\t<div class=\"swiper-slide\" role=\"group\" aria-roledescription=\"slide\" aria-label=\"1 \/ 4\"><figure class=\"swiper-slide-inner\"><img decoding=\"async\" class=\"swiper-slide-image\" src=\"https:\/\/secyapi.com\/wp-content\/uploads\/2025\/03\/8ae1ee_a09cdab57b2248e7b4259900370c9826mv2.avif\" alt=\"8ae1ee_a09cdab57b2248e7b4259900370c9826~mv2\" \/><\/figure><\/div><div class=\"swiper-slide\" role=\"group\" aria-roledescription=\"slide\" aria-label=\"2 \/ 4\"><figure class=\"swiper-slide-inner\"><img decoding=\"async\" class=\"swiper-slide-image\" src=\"https:\/\/secyapi.com\/wp-content\/uploads\/2025\/03\/8ae1ee_49f554fdadf34ce89a891e8b47893884mv2.avif\" alt=\"8ae1ee_49f554fdadf34ce89a891e8b47893884~mv2\" \/><\/figure><\/div><div class=\"swiper-slide\" role=\"group\" aria-roledescription=\"slide\" aria-label=\"3 \/ 4\"><figure class=\"swiper-slide-inner\"><img decoding=\"async\" class=\"swiper-slide-image\" src=\"https:\/\/secyapi.com\/wp-content\/uploads\/2025\/03\/8ae1ee_05562bf909294171abe8136c4e624572mv2.avif\" alt=\"8ae1ee_05562bf909294171abe8136c4e624572~mv2\" \/><\/figure><\/div><div class=\"swiper-slide\" role=\"group\" aria-roledescription=\"slide\" aria-label=\"4 \/ 4\"><figure class=\"swiper-slide-inner\"><img decoding=\"async\" class=\"swiper-slide-image\" src=\"https:\/\/secyapi.com\/wp-content\/uploads\/2025\/03\/8ae1ee_b29a5ce3ef9940b6bbbef6756c1083e2mv2.avif\" alt=\"8ae1ee_b29a5ce3ef9940b6bbbef6756c1083e2~mv2\" \/><\/figure><\/div>\t\t\t<\/div>\n\t\t\t\t\t\t\t\t\t\t\t\t<div class=\"elementor-swiper-button elementor-swiper-button-prev\" role=\"button\" tabindex=\"0\">\n\t\t\t\t\t\t<svg aria-hidden=\"true\" class=\"e-font-icon-svg e-eicon-chevron-left\" viewBox=\"0 0 1000 1000\" xmlns=\"http:\/\/www.w3.org\/2000\/svg\"><path d=\"M646 125C629 125 613 133 604 142L308 442C296 454 292 471 292 487 292 504 296 521 308 533L604 854C617 867 629 875 646 875 663 875 679 871 692 858 704 846 713 829 713 812 713 796 708 779 692 767L438 487 692 225C700 217 708 204 708 187 708 171 704 154 692 142 675 129 663 125 646 125Z\"><\/path><\/svg>\t\t\t\t\t<\/div>\n\t\t\t\t\t<div class=\"elementor-swiper-button elementor-swiper-button-next\" role=\"button\" tabindex=\"0\">\n\t\t\t\t\t\t<svg aria-hidden=\"true\" class=\"e-font-icon-svg e-eicon-chevron-right\" viewBox=\"0 0 1000 1000\" xmlns=\"http:\/\/www.w3.org\/2000\/svg\"><path d=\"M696 533C708 521 713 504 713 487 713 471 708 454 696 446L400 146C388 133 375 125 354 125 338 125 325 129 313 142 300 154 292 171 292 187 292 204 296 221 308 233L563 492 304 771C292 783 288 800 288 817 288 833 296 850 308 863 321 871 338 875 354 875 371 875 388 867 400 854L696 533Z\"><\/path><\/svg>\t\t\t\t\t<\/div>\n\t\t\t\t\n\t\t\t\t\t\t\t\t\t<div class=\"swiper-pagination\"><\/div>\n\t\t\t\t\t\t\t\t\t<\/div>\n\t\t\t\t\t\t<\/div>\n\t\t\t\t<\/div>\n\t\t\t\t<\/div>\n\t\t<div class=\"elementor-element elementor-element-4972522 e-con-full e-flex e-con e-child\" data-id=\"4972522\" data-element_type=\"container\">\n\t\t\t\t<div class=\"elementor-element elementor-element-e7f9092 elementor-widget elementor-widget-heading\" data-id=\"e7f9092\" data-element_type=\"widget\" data-widget_type=\"heading.default\">\n\t\t\t\t<div class=\"elementor-widget-container\">\n\t\t\t\t\t<h2 class=\"elementor-heading-title elementor-size-default\">\u0130\u00e7 Dekorasyon\n\n<\/h2>\t\t\t\t<\/div>\n\t\t\t\t<\/div>\n\t\t\t\t<div class=\"elementor-element elementor-element-548017f elementor-widget-divider--view-line elementor-widget elementor-widget-divider\" data-id=\"548017f\" data-element_type=\"widget\" data-widget_type=\"divider.default\">\n\t\t\t\t<div class=\"elementor-widget-container\">\n\t\t\t\t\t\t\t<div class=\"elementor-divider\">\n\t\t\t<span class=\"elementor-divider-separator\">\n\t\t\t\t\t\t<\/span>\n\t\t<\/div>\n\t\t\t\t\t\t<\/div>\n\t\t\t\t<\/div>\n\t\t\t\t<div class=\"elementor-element elementor-element-b098260 elementor-widget elementor-widget-text-editor\" data-id=\"b098260\" data-element_type=\"widget\" data-widget_type=\"text-editor.default\">\n\t\t\t\t<div class=\"elementor-widget-container\">\n\t\t\t\t\t\t\t\t\tKomple ev tadilat\u0131, dekorasyon ve tasar\u0131m\u0131 denilince herkezin b\u00fct\u00e7esine g\u00f6re etkili \u00e7\u00f6z\u00fcmler \u00fcretebilen firmam\u0131z bu sayede bir \u00e7ok evin i\u00e7ini yeniden kurgulayarak imzas\u0131n\u0131 atm\u0131\u015ft\u0131r. Bug\u00fcne de\u011fin bize g\u00fcvenen ve \u00e7\u00f6z\u00fcm orta\u011f\u0131 olarak kabul eden y\u00fczlerce m\u00fc\u015fterimize te\u015fekk\u00fcr ederiz. Hedefimiz, \u00f6ncelikle bu \u00e7al\u0131\u015fma sistemimizi prensip haline getirerek s\u00fcrekli k\u0131lmak ve bu anlamda sekt\u00f6r\u00fcm\u00fcz\u00fcn duayeni olmakt\u0131r\n\n\t\t\t\t\t\t\t\t<\/div>\n\t\t\t\t<\/div>\n\t\t\t\t<\/div>\n\t\t\t\t<\/div>\n\t\t\t\t<\/div>\n\t\t","protected":false},"excerpt":{"rendered":"<p>Dekorasyon, Mantolama ve Mimari Uygulamalar Mplus Cafe &#038; Restaurant Se\u00e7 Yap\u0131 \u0130n\u015faat ikamet ama\u00e7l\u0131 binalar\u0131n in\u015faat\u0131, dekorasyon, i\u00e7 ve d\u0131\u015f mimari alt yap\u0131 ve \u00fcst yap\u0131 taahh\u00fctleri yapmak \u00fczere t\u00fcm resmi ve \u00f6zel kurumlara hizmet verebilmek amac\u0131yla kurulmu\u015ftur. \u00d6zverili ve deneyimli kadrosu ile kuruldu\u011fu g\u00fcnden itibaren konut, i\u015f merkezi, ofis ve al\u0131\u015fveri\u015f merkezi projeleri tasarlay\u0131p [&hellip;]<\/p>\n","protected":false},"author":1,"featured_media":0,"parent":0,"menu_order":0,"comment_status":"closed","ping_status":"closed","template":"elementor_header_footer","meta":{"footnotes":""},"class_list":["post-74","page","type-page","status-publish","hentry"],"_links":{"self":[{"href":"https:\/\/secyapi.com\/index.php\/wp-json\/wp\/v2\/pages\/74","targetHints":{"allow":["GET"]}}],"collection":[{"href":"https:\/\/secyapi.com\/index.php\/wp-json\/wp\/v2\/pages"}],"about":[{"href":"https:\/\/secyapi.com\/index.php\/wp-json\/wp\/v2\/types\/page"}],"author":[{"embeddable":true,"href":"https:\/\/secyapi.com\/index.php\/wp-json\/wp\/v2\/users\/1"}],"replies":[{"embeddable":true,"href":"https:\/\/secyapi.com\/index.php\/wp-json\/wp\/v2\/comments?post=74"}],"version-history":[{"count":25,"href":"https:\/\/secyapi.com\/index.php\/wp-json\/wp\/v2\/pages\/74\/revisions"}],"predecessor-version":[{"id":159,"href":"https:\/\/secyapi.com\/index.php\/wp-json\/wp\/v2\/pages\/74\/revisions\/159"}],"wp:attachment":[{"href":"https:\/\/secyapi.com\/index.php\/wp-json\/wp\/v2\/media?parent=74"}],"curies":[{"name":"wp","href":"https:\/\/api.w.org\/{rel}","templated":true}]}}